{"id":7,"date":"2023-11-20T10:47:58","date_gmt":"2023-11-20T10:47:58","guid":{"rendered":"https:\/\/primaria-fagaras.ro\/programari-parcari\/appointment\/"},"modified":"2023-11-23T09:26:43","modified_gmt":"2023-11-23T09:26:43","slug":"appointment","status":"publish","type":"page","link":"https:\/\/primaria-fagaras.ro\/programari-parcari\/","title":{"rendered":"Program\u0103ri online parc\u0103ri"},"content":{"rendered":"\n<div class=\"bup-front-cont\">\n\n  <div class=\"bup-filter-header\" id=\"up-filter-header\">\n  \n  \n       \n         <div class=\"bup-book-steps-cont\" id=\"bup-book-steps-cont\">\n    \n    \t\n        <div class=\"bup-book-step1 bup-steps\">\n        \t\t\n                <div class=\"bup-cart-step-line-inactive\"><\/div>\n        \n        \t\t<div class=\"bup-cart-step-active bup-move-steps\" id=\"bup-step-rounded-1\">1<\/div>\n                <div class=\"bup-cart-step-text-active\">Pasul 1<\/div>\n        \n        <\/div>\n        \n        <div class=\"bup-book-step2 bup-steps\">\n        \n        \n            \t<div class=\"bup-cart-step-line-inactive\"><\/div>\n        \n        \t\t<div class=\"bup-cart-step-inactive bup-move-steps\" id=\"bup-step-rounded-2\">2<\/div>\n                  <div class=\"bup-cart-step-text-inactive\">Alege programarea<\/div>\n        \n        <\/div>\n        \n        <div class=\"bup-book-step3 bup-steps\">\n        \n        \t    <div class=\"bup-cart-step-line-inactive\"><\/div>\n        \n        \t\t<div class=\"bup-cart-step-inactive bup-move-steps\" id=\"bup-step-rounded-3\">3<\/div>\n                  <div class=\"bup-cart-step-text-inactive\">Detalii ...<\/div>\n        \n        <\/div>\n        \n        <div class=\"bup-book-step4 bup-steps\">\n        \n        \n        \t\t <div class=\"bup-cart-step-line-inactive\"><\/div>\n        \n        \t\t<div class=\"bup-cart-step-inactive bup-move-steps\" id=\"bup-step-rounded-4\">4<\/div>\n                <div class=\"bup-cart-step-text-inactive\">V\u0103 mul\u021bumim!<\/div>  \n        \n        \n        <\/div>\n    \n       \n    \n    <\/div>\n     \n     \n            \n      \n    \n    \n    \t<div class=\"bup-book-info-cont\" id=\"bup-book-info-cont-div\">\n        \n        \n           <div class=\"bup-book-info-text\" >\n           \n           \n           <\/div>\n           \n                       \n           \n                      \n           \n          \t            \n                   <div class=\"bup-book-info-block1 \" >\n                   \n                   \n                       <label>Alege serviciul ...<\/label>\n                   \n                      <select name=\"bup-category\" id=\"bup-category\"><option value=\"\" selected=\"selected\">Alege serviciul ...<\/option><optgroup label=\"Compartiment parc\u0103ri\" ><option value=\"1\"  >Pogramare online<\/option><\/optgroup><\/select>                   \n                   \n                   <\/div>    \n               \n              \n                             \n                              \n                      \n           <div class=\"bup-book-info-block1 \" >\n            \n             <label>Alege data \/ ora<\/label>\n              <input type=\"text\" class=\"bupro-datepicker\" id=\"bup-start-date\"  value=\"30\/04\/2026\"\/>       \n              \n                       \n           <\/div>\n           \n                      \n                            <div class=\"bup-book-info-block1 \" id=\"bup-staff-booking-list\" >\n                \n                 <label>Unde? <a id=\"bup-provider-tooltip\" title=\"Please Select Service First\"><i class=\"fa fa-question-circle\" aria-hidden=\"true\"><\/i><\/a> <\/label> \n                                 \n                  <select name=\"bup-staff\" id=\"bup-staff\">                  \n                  \t<option value=\"\" >Selecta\u021bi biroul<\/option>\n                  <\/select>        \n               \n               \n                <\/div>    \n       \t           \t\n    \n        <\/div>\n        \n        \n        \n         <\/div>\n         \n          <div class=\"bup-nav-search-options-bar\" id=\"bup-steps-nav-buttons\" > \n          \n                   \n            <span class=\"bupbtnfind\"><button id=\"bup-btn-next-step1\" class=\"bup-button-submit\">Verific\u0103 disponibilitate<\/button><\/span>\n         \n         <\/div>       \n        \n        \n        \n         <div class=\"bup-book-info-text\" id=\"bup-steps-cont-res\" >  \n         \n          <p >V\u0103 rug\u0103m s\u0103 selecta\u021bi op\u021biunea dvs. (Pasul 1), data, ora \u0219i biroul dup\u0103 care verifica\u021bi disponibilitatea rezerv\u0103rii.<\/p>       \n           \n         <\/div>\n    \n    \n\n<\/div>\n\n \n \n  \n<input type=\"hidden\"  id=\"bup-custom-form-id\" name=\"bup-custom-form-id\" value=\"\" \/>\n\n<input type=\"hidden\"  id=\"bup-filter-id\" name=\"bup-filter-id\" value=\"\" \/>\n\n<input type=\"hidden\"  id=\"redirect_url\" name=\"redirect_url\" value=\"\" \/>\n<input type=\"hidden\"  id=\"field_legends\" name=\"field_legends\" value=\"yes\" \/>\n<input type=\"hidden\"  id=\"placeholders\" name=\"placeholders\" value=\"yes\" \/>\n<input type=\"hidden\"  id=\"template_id\" name=\"template_id\" value=\"\" \/>\n<input type=\"hidden\"  id=\"bup_booking_form_type\" name=\"bup_booking_form_type\" value=\"\" \/>\n<input type=\"hidden\"  id=\"bup_cart_id\" name=\"bup_cart_id\" value=\"\" \/>\n\n<input type=\"hidden\"  id=\"bup_user_timezone\" name=\"bup_user_timezone\" value=\"\" \/>\n\n\n<script type=\"text\/javascript\">\n\n\t\n\t\t\t\t\t\t \n \t\t\t  \n\t\n\n\n   \t  \n\t\t\n\t<\/script>\n \n","protected":false},"excerpt":{"rendered":"","protected":false},"author":1,"featured_media":0,"parent":0,"menu_order":0,"comment_status":"close","ping_status":"close","template":"","meta":{"footnotes":""},"class_list":["post-7","page","type-page","status-publish","hentry"],"_links":{"self":[{"href":"https:\/\/primaria-fagaras.ro\/programari-parcari\/wp-json\/wp\/v2\/pages\/7","targetHints":{"allow":["GET"]}}],"collection":[{"href":"https:\/\/primaria-fagaras.ro\/programari-parcari\/wp-json\/wp\/v2\/pages"}],"about":[{"href":"https:\/\/primaria-fagaras.ro\/programari-parcari\/wp-json\/wp\/v2\/types\/page"}],"author":[{"embeddable":true,"href":"https:\/\/primaria-fagaras.ro\/programari-parcari\/wp-json\/wp\/v2\/users\/1"}],"replies":[{"embeddable":true,"href":"https:\/\/primaria-fagaras.ro\/programari-parcari\/wp-json\/wp\/v2\/comments?post=7"}],"version-history":[{"count":2,"href":"https:\/\/primaria-fagaras.ro\/programari-parcari\/wp-json\/wp\/v2\/pages\/7\/revisions"}],"predecessor-version":[{"id":10,"href":"https:\/\/primaria-fagaras.ro\/programari-parcari\/wp-json\/wp\/v2\/pages\/7\/revisions\/10"}],"wp:attachment":[{"href":"https:\/\/primaria-fagaras.ro\/programari-parcari\/wp-json\/wp\/v2\/media?parent=7"}],"curies":[{"name":"wp","href":"https:\/\/api.w.org\/{rel}","templated":true}]}}